{"id":90,"date":"2019-09-12T08:49:22","date_gmt":"2019-09-12T06:49:22","guid":{"rendered":"http:\/\/boyer.at\/?page_id=90"},"modified":"2019-11-26T22:07:36","modified_gmt":"2019-11-26T21:07:36","slug":"schwerpunkte","status":"publish","type":"page","link":"http:\/\/boyer.at\/?page_id=90","title":{"rendered":"Schwerpunkte"},"content":{"rendered":"<p>Wir beraten und vertreten auf vielen wichtigen Rechtsgebieten Unternehmen und Privatpersonen, vorwiegend im Zivil- und Wirtschaftsrecht. Mitwirkung bei der politischen Willensbildung zukunftsweisender Rechtsentwicklung und st\u00e4ndiges Einschreiten vor den Gerichtsh\u00f6fen und Bezirksgerichten in der Region Wien und Nieder\u00f6sterreich (Weinviertel) gew\u00e4hrleistet eine praxisorientierte Beratung.<\/p>\n<ul>\n<li><strong>Zivil- und Wirtschaftsrecht<\/strong><br \/>\nSchadensersatz- und Gew\u00e4hrleistungsrecht, Wettbewerbsrecht, Erbrecht.<\/li>\n<li><strong>Bankrecht<\/strong><br \/>\nBank- und Bankvertragsrecht, Sicherungsvertr\u00e4ge, Exekutionsrecht.<\/li>\n<li><strong>Verkehrsrecht und Unfallsch\u00e4den<\/strong><br \/>\nAbwicklung von Unfallsch\u00e4den, Durchsetzung von Schadenersatzanspr\u00fcchen, Vertretung im Strafverfahren, Vertretung vor Polizei- und Verwaltungsbeh\u00f6rden nach Verkehrsunf\u00e4llen.<\/li>\n<li><strong>Verwaltungsrecht, Verwaltungsstrafverfahren<\/strong><\/li>\n<li><strong>Liegenschaftsrecht und Betriebsansiedlung<\/strong><br \/>\nErrichtung von Kaufvertr\u00e4gen, \u00dcbergabsvertr\u00e4gen und Mietvertr\u00e4gen,<br \/>\nGewerberecht, Betriebsanlagengenehmigungen.<\/li>\n<li><strong>Ehe- und Familienrecht<\/strong><br \/>\nBeratung und Vertretung bei einvernehmlicher Scheidung, Vorbereitung von Vergleichen f\u00fcr einvernehmliche Ehescheidungen, Vertretung im strittigen Scheidungs- und Unterhaltsverfahren und im Verfahren wegen Aufteilung des ehelichen Gebrauchsverm\u00f6gens und ehelicher Ersparnisse.<br \/>\nVertretung im Verfahren wegen Obsorge und Unterhaltanspr\u00fcche gemeinsamer Kinder.<\/li>\n<li><strong>Arbeits- und Sozialrecht<\/strong><br \/>\nBeratung und Vertretung von Arbeitgeber und Arbeitnehmer, Vertretung im Verfahren zur Erlangung von Berufsunf\u00e4higkeitspension und Pflegegeld vor Arbeits- und Sozialgerichten.<\/li>\n<li><strong>Erwachsenenvertretung<\/strong><\/li>\n<li><strong>Miet- und Wohnrecht<\/strong><br \/>\nBeratung und Vertretung in Mietrechtsangelegenheiten sowie bei Fragen zum Wohnungseigentum.<\/li>\n<li><strong>Insolvenzverfahren<\/strong><br \/>\nGl\u00e4ubigervertretung<\/li>\n<li><strong>Prozessvertretung und Strafverteidigung<\/strong><br \/>\nVertretung vor den ordentlichen Gerichten in Zivil- und Strafsachen, vor den Verwaltungsbeh\u00f6rden und den Landesverwaltungsgerichten sowie Verfassungs- und Verwaltungsgerichtshof.<\/li>\n<\/ul>\n","protected":false},"excerpt":{"rendered":"<p>Wir beraten und vertreten auf vielen wichtigen Rechtsgebieten Unternehmen und Privatpersonen, vorwiegend im Zivil- und Wirtschaftsrecht. Mitwirkung bei der politischen Willensbildung zukunftsweisender Rechtsentwicklung und st\u00e4ndiges Einschreiten vor den Gerichtsh\u00f6fen und Bezirksgerichten in der Region Wien und Nieder\u00f6sterreich (Weinviertel) gew\u00e4hrleistet eine praxisorientierte Beratung. Zivil- und Wirtschaftsrecht Schadensersatz- und Gew\u00e4hrleistungsrecht, Wettbewerbsrecht, Erbrecht. Bankrecht Bank- und Bankvertragsrecht, Sicherungsvertr\u00e4ge, [&hellip;]<\/p>\n","protected":false},"author":1,"featured_media":0,"parent":0,"menu_order":0,"comment_status":"closed","ping_status":"closed","template":"","meta":{"footnotes":""},"_links":{"self":[{"href":"http:\/\/boyer.at\/index.php?rest_route=\/wp\/v2\/pages\/90"}],"collection":[{"href":"http:\/\/boyer.at\/index.php?rest_route=\/wp\/v2\/pages"}],"about":[{"href":"http:\/\/boyer.at\/index.php?rest_route=\/wp\/v2\/types\/page"}],"author":[{"embeddable":true,"href":"http:\/\/boyer.at\/index.php?rest_route=\/wp\/v2\/users\/1"}],"replies":[{"embeddable":true,"href":"http:\/\/boyer.at\/index.php?rest_route=%2Fwp%2Fv2%2Fcomments&post=90"}],"version-history":[{"count":7,"href":"http:\/\/boyer.at\/index.php?rest_route=\/wp\/v2\/pages\/90\/revisions"}],"predecessor-version":[{"id":354,"href":"http:\/\/boyer.at\/index.php?rest_route=\/wp\/v2\/pages\/90\/revisions\/354"}],"wp:attachment":[{"href":"http:\/\/boyer.at\/index.php?rest_route=%2Fwp%2Fv2%2Fmedia&parent=90"}],"curies":[{"name":"wp","href":"https:\/\/api.w.org\/{rel}","templated":true}]}}