{"id":327,"date":"2019-11-07T16:08:56","date_gmt":"2019-11-07T15:08:56","guid":{"rendered":"http:\/\/boyer.at\/?page_id=327"},"modified":"2023-10-17T17:52:33","modified_gmt":"2023-10-17T15:52:33","slug":"kontakt-2","status":"publish","type":"page","link":"http:\/\/boyer.at\/?page_id=327","title":{"rendered":"Kontakt"},"content":{"rendered":"<div id=\"pl-gb327-69f778019a828\"  class=\"panel-layout\" ><div id=\"pg-gb327-69f778019a828-0\"  class=\"panel-grid panel-no-style\" ><div id=\"pgc-gb327-69f778019a828-0-0\"  class=\"panel-grid-cell\" ><div id=\"panel-gb327-69f778019a828-0-0-0\" class=\"so-panel widget widget_sow-editor panel-first-child panel-last-child\" data-index=\"0\" ><div\n\t\t\t\n\t\t\tclass=\"so-widget-sow-editor so-widget-sow-editor-base\"\n\t\t\t\n\t\t>\n<div class=\"siteorigin-widget-tinymce textwidget\">\n\t<p><strong>Zistersdorf<\/strong><\/p>\n<p style=\"padding-left: 40px;\">Hauptstra\u00dfe 25<br \/>\nA-2225 ZISTERSDORF<\/p>\n<p style=\"padding-left: 40px;\">TELEFON: 02532 \u2013 2379<br \/>\nFAX: DW 14<\/p>\n<p style=\"padding-left: 40px;\"><strong>Kanzleizeiten:<\/strong><\/p>\n<p style=\"padding-left: 40px;\">Montag bis Freitag<br \/>\n8 \u2013 12 und 13 \u2013 17 Uhr<\/p>\n<p style=\"padding-left: 40px;\">E-Mail: boyer@aon.at<\/p>\n<\/div>\n<\/div><\/div><\/div><div id=\"pgc-gb327-69f778019a828-0-1\"  class=\"panel-grid-cell\" ><div id=\"panel-gb327-69f778019a828-0-1-0\" class=\"so-panel widget widget_media_image panel-first-child panel-last-child\" data-index=\"1\" ><img loading=\"lazy\" width=\"300\" height=\"363\" src=\"http:\/\/boyer.at\/wp-content\/uploads\/2019\/11\/Boyer-Zistersdorf-bw-300px.png\" class=\"image wp-image-350  attachment-full size-full\" alt=\"\" decoding=\"async\" style=\"max-width: 100%; height: auto;\" srcset=\"http:\/\/boyer.at\/wp-content\/uploads\/2019\/11\/Boyer-Zistersdorf-bw-300px.png 300w, http:\/\/boyer.at\/wp-content\/uploads\/2019\/11\/Boyer-Zistersdorf-bw-300px-248x300.png 248w\" sizes=\"(max-width: 300px) 100vw, 300px\" \/><\/div><\/div><\/div><div id=\"pg-gb327-69f778019a828-1\"  class=\"panel-grid panel-no-style\" ><div id=\"pgc-gb327-69f778019a828-1-0\"  class=\"panel-grid-cell\" ><div id=\"panel-gb327-69f778019a828-1-0-0\" class=\"so-panel widget widget_sow-editor panel-first-child panel-last-child\" data-index=\"2\" ><div\n\t\t\t\n\t\t\tclass=\"so-widget-sow-editor so-widget-sow-editor-base\"\n\t\t\t\n\t\t>\n<div class=\"siteorigin-widget-tinymce textwidget\">\n\t<p><strong>G\u00e4nserndorf<\/strong><\/p>\n<p style=\"padding-left: 40px;\">Lagerhausstra\u00dfe 3<br \/>\nA-2230 G\u00c4NSERNDORF<\/p>\n<p style=\"padding-left: 40px;\">TELEFON: 02282 \u2013 611 55<\/p>\n<p style=\"padding-left: 40px;\"><strong>Kanzleizeiten<\/strong><\/p>\n<p style=\"padding-left: 40px;\">Montag bis Freitag<br \/>\n8 \u2013 12 und 13 \u2013 17 Uhr<\/p>\n<p>&nbsp;<\/p>\n<p>&nbsp;<\/p>\n<\/div>\n<\/div><\/div><\/div><div id=\"pgc-gb327-69f778019a828-1-1\"  class=\"panel-grid-cell\" ><div id=\"panel-gb327-69f778019a828-1-1-0\" class=\"so-panel widget widget_media_image panel-first-child panel-last-child\" data-index=\"3\" ><img loading=\"lazy\" width=\"300\" height=\"217\" src=\"http:\/\/boyer.at\/wp-content\/uploads\/2019\/11\/Boyer-G\u00e4nserndorf-bw-300px.png\" class=\"image wp-image-351  attachment-full size-full\" alt=\"\" decoding=\"async\" style=\"max-width: 100%; height: auto;\" \/><\/div><\/div><\/div><\/div>\n\n\n<p class=\"has-small-font-size\"><strong>Impressum:<\/strong><br>Boyer Neuhuber Rechtsanw\u00e4lte<br>zu Handen: Dr. Leopold Boyer<br>2225 Zistersdorf, Hauptstra\u00dfe 25<br>ATU 17978801 DVR 0820270<\/p>\n\n\n\n<p class=\"has-small-font-size\">RA-Code: R 202 259 (Dr. Leopold Boyer)<br>RA-Code: R 207 658 (Mag. Daniela Neuhuber)<br>RA-Code: R 210 032 (Mag. Leopold Boyer)<br>Zust\u00e4ndige Beh\u00f6rde: <a href=\"https:\/\/www.raknoe.at\/\" data-type=\"URL\" data-id=\"https:\/\/www.raknoe.at\/\" target=\"_blank\" rel=\"noreferrer noopener\">Rechtsanwaltskammer Nieder\u00f6sterreich<\/a><\/p>\n\n\n\n<p class=\"has-small-font-size\"><a rel=\"noreferrer noopener\" href=\"http:\/\/boyer.at\/pdf\/Datenschutzerklaerung-30_09_2023_web.pdf\" data-type=\"link\" data-id=\"http:\/\/boyer.at\/pdf\/Datenschutzerklaerung-30_09_2023_web.pdf\" target=\"_blank\">Datenschutzerkl\u00e4rung (pdf)<\/a><br><a href=\"http:\/\/boyer.at\/pdf\/Auftragsbedingungen-30_09_2023_web.pdf\" target=\"_blank\" rel=\"noreferrer noopener\">Auftragsbedingungen (pdf)<\/a><\/p>\n\n\n\n<p class=\"has-small-font-size\"><strong>Datenschutz:<\/strong><br>Verantwortlicher: Dr. Leopold Boyer<br>Es werden die personenbezogenen Daten erhoben, die die Durchf\u00fchrung unserer rechtsanwaltlichen Leistungen zur Erf\u00fcllung des Auftrages erfordern oder freiwillig im Zuge der Mandatsbeauftragung zur Verf\u00fcgung gestellt werden.<\/p>\n","protected":false},"excerpt":{"rendered":"<p>Zistersdorf Hauptstra\u00dfe 25 A-2225 ZISTERSDORF TELEFON: 02532 \u2013 2379 FAX: DW 14 Kanzleizeiten: Montag bis Freitag 8 \u2013 12 und 13 \u2013 17 Uhr E-Mail: boyer@aon.at G\u00e4nserndorf Lagerhausstra\u00dfe 3 A-2230 G\u00c4NSERNDORF TELEFON: 02282 \u2013 611 55 Kanzleizeiten Montag bis Freitag 8 \u2013 12 und 13 \u2013 17 Uhr &nbsp; &nbsp;<\/p>\n","protected":false},"author":1,"featured_media":0,"parent":0,"menu_order":0,"comment_status":"closed","ping_status":"closed","template":"","meta":{"footnotes":""},"_links":{"self":[{"href":"http:\/\/boyer.at\/index.php?rest_route=\/wp\/v2\/pages\/327"}],"collection":[{"href":"http:\/\/boyer.at\/index.php?rest_route=\/wp\/v2\/pages"}],"about":[{"href":"http:\/\/boyer.at\/index.php?rest_route=\/wp\/v2\/types\/page"}],"author":[{"embeddable":true,"href":"http:\/\/boyer.at\/index.php?rest_route=\/wp\/v2\/users\/1"}],"replies":[{"embeddable":true,"href":"http:\/\/boyer.at\/index.php?rest_route=%2Fwp%2Fv2%2Fcomments&post=327"}],"version-history":[{"count":17,"href":"http:\/\/boyer.at\/index.php?rest_route=\/wp\/v2\/pages\/327\/revisions"}],"predecessor-version":[{"id":407,"href":"http:\/\/boyer.at\/index.php?rest_route=\/wp\/v2\/pages\/327\/revisions\/407"}],"wp:attachment":[{"href":"http:\/\/boyer.at\/index.php?rest_route=%2Fwp%2Fv2%2Fmedia&parent=327"}],"curies":[{"name":"wp","href":"https:\/\/api.w.org\/{rel}","templated":true}]}}